{"id":517,"date":"2019-07-24T08:17:04","date_gmt":"2019-07-24T08:17:04","guid":{"rendered":"https:\/\/romamc.mx\/?page_id=517"},"modified":"2026-03-12T19:21:52","modified_gmt":"2026-03-12T19:21:52","slug":"contacto","status":"publish","type":"page","link":"https:\/\/romamc.mx\/index.php\/contacto\/","title":{"rendered":"Contacto"},"content":{"rendered":"\t\t<div data-elementor-type=\"wp-post\" data-elementor-id=\"517\" class=\"elementor elementor-517\">\n\t\t\t\t\t\t<section class=\"elementor-section elementor-top-section elementor-element elementor-element-53d8fcc contact-info-section style-two elementor-section-boxed elementor-section-height-default elementor-section-height-default\" data-id=\"53d8fcc\" data-element_type=\"section\" data-settings=\"{&quot;background_background&quot;:&quot;classic&quot;}\">\n\t\t\t\t\t\t<div class=\"elementor-container elementor-column-gap-default\">\n\t\t\t\t\t<div class=\"elementor-column elementor-col-33 elementor-top-column elementor-element elementor-element-23acff2 content-column\" data-id=\"23acff2\" data-element_type=\"column\">\n\t\t\t<div class=\"elementor-widget-wrap elementor-element-populated\">\n\t\t\t\t\t\t<div class=\"elementor-element elementor-element-7d35776 elementor-widget elementor-widget-text-editor\" data-id=\"7d35776\" data-element_type=\"widget\" data-widget_type=\"text-editor.default\">\n\t\t\t\t\t\t\t\t\t<div class=\"content-box\">\n<h2>\u00a1Cont\u00e1ctanos AHORA!<\/h2>\n<div class=\"text\">Para oportunidades de colaboraci\u00f3n institucional o alianzas estrat\u00e9gicas, cont\u00e1ctanos.<\/div>\n<div class=\"info-box clearfix\">\n<div class=\"single-info\">\n<div class=\"icon-box\"><\/div>\n<h3>Encu\u00e9ntranos<\/h3>\nPrado Sur 405, Lomas &#8211; Virreyes, Lomas de Chapultepec. Miguel Hidalgo 11000, Ciudad de M\u00e9xico\n\n<\/div>\n<div class=\"single-info\">\n<div class=\"icon-box\"><\/div>\n<h3>Ll\u00e1manos<\/h3>\n<a href=\"tel:+525518576341\">5518576341<\/a>\n\n\n<\/div>\n<\/div>\n<\/div>\t\t\t\t\t\t\t\t<\/div>\n\t\t\t\t\t<\/div>\n\t\t<\/div>\n\t\t\t\t<div class=\"elementor-column elementor-col-66 elementor-top-column elementor-element elementor-element-115b9d7f\" data-id=\"115b9d7f\" data-element_type=\"column\">\n\t\t\t<div class=\"elementor-widget-wrap elementor-element-populated\">\n\t\t\t\t\t\t<div class=\"elementor-element elementor-element-e33bdf4 elementor-widget elementor-widget-text-editor\" data-id=\"e33bdf4\" data-element_type=\"widget\" data-widget_type=\"text-editor.default\">\n\t\t\t\t\t\t\t\t\t\n<div class=\"wpcf7 no-js\" id=\"wpcf7-f1709-o1\" lang=\"en-US\" dir=\"ltr\" data-wpcf7-id=\"1709\">\n<div class=\"screen-reader-response\"><p role=\"status\" aria-live=\"polite\" aria-atomic=\"true\"><\/p> <ul><\/ul><\/div>\n<form action=\"\/index.php\/wp-json\/wp\/v2\/pages\/517#wpcf7-f1709-o1\" method=\"post\" class=\"wpcf7-form init\" aria-label=\"Contact form\" novalidate=\"novalidate\" data-status=\"init\">\n<fieldset class=\"hidden-fields-container\"><input type=\"hidden\" name=\"_wpcf7\" value=\"1709\" \/><input type=\"hidden\" name=\"_wpcf7_version\" value=\"6.1.3\" \/><input type=\"hidden\" name=\"_wpcf7_locale\" value=\"en_US\" \/><input type=\"hidden\" name=\"_wpcf7_unit_tag\" value=\"wpcf7-f1709-o1\" \/><input type=\"hidden\" name=\"_wpcf7_container_post\" value=\"0\" \/><input type=\"hidden\" name=\"_wpcf7_posted_data_hash\" value=\"\" \/>\n<\/fieldset>\n<div class=\"contact-form-area\">\n\t<div id=\"contact-form\">\n\t\t<div class=\"row\">\n\t\t\t<div class=\"col-lg-12 col-md-12 col-sm-12 form-group\">\n\t\t\t\t<p><span class=\"wpcf7-form-control-wrap\" data-name=\"your-name\"><input size=\"40\" maxlength=\"400\" class=\"wpcf7-form-control wpcf7-text wpcf7-validates-as-required\" aria-required=\"true\" aria-invalid=\"false\" placeholder=\"Nombre\" value=\"\" type=\"text\" name=\"your-name\" \/><\/span>\n\t\t\t\t<\/p>\n\t\t\t<\/div>\n\t\t\t<div class=\"col-lg-12 col-md-12 col-sm-12 form-group\">\n\t\t\t\t<p><span class=\"wpcf7-form-control-wrap\" data-name=\"your-email\"><input size=\"40\" maxlength=\"400\" class=\"wpcf7-form-control wpcf7-email wpcf7-validates-as-required wpcf7-text wpcf7-validates-as-email\" aria-required=\"true\" aria-invalid=\"false\" placeholder=\"Correo\" value=\"\" type=\"email\" name=\"your-email\" \/><\/span>\n\t\t\t\t<\/p>\n\t\t\t<\/div>\n\t\t\t<div class=\"col-lg-6 col-md-12 col-sm-12 form-group\">\n\t\t\t\t<p><span class=\"wpcf7-form-control-wrap\" data-name=\"your-phone\"><input size=\"40\" maxlength=\"400\" class=\"wpcf7-form-control wpcf7-text wpcf7-validates-as-required\" aria-required=\"true\" aria-invalid=\"false\" placeholder=\"T\u00e9lefono\" value=\"\" type=\"text\" name=\"your-phone\" \/><\/span>\n\t\t\t\t<\/p>\n\t\t\t<\/div>\n\t\t\t<div class=\"col-lg-6 col-md-12 col-sm-12 form-group\">\n\t\t\t\t<p><span class=\"wpcf7-form-control-wrap\" data-name=\"your-subject\"><input size=\"40\" maxlength=\"400\" class=\"wpcf7-form-control wpcf7-text wpcf7-validates-as-required\" aria-required=\"true\" aria-invalid=\"false\" placeholder=\"Acercamiento por:\" value=\"\" type=\"text\" name=\"your-subject\" \/><\/span>\n\t\t\t\t<\/p>\n\t\t\t<\/div>\n\t\t\t<div class=\"col-lg-12 col-md-12 col-sm-12 form-group\">\n\t\t\t\t<p><span class=\"wpcf7-form-control-wrap\" data-name=\"your-message\"><textarea cols=\"40\" rows=\"10\" maxlength=\"2000\" class=\"wpcf7-form-control wpcf7-textarea wpcf7-validates-as-required\" aria-required=\"true\" aria-invalid=\"false\" placeholder=\"Mensaje Aqu\u00ed...\" name=\"your-message\"><\/textarea><\/span>\n\t\t\t\t<\/p>\n\t\t\t<\/div>\n\t\t\t<div class=\"col-lg-12 col-md-12 col-sm-12 form-group message-btn\">\n\t\t\t\t<p><button type=\"submit\" name=\"submit-form\" class=\"wpcf7-form-control wpcf7-submit\">Enviar<\/button>\n\t\t\t\t<\/p>\n\t\t\t<\/div>\n\t\t<\/div>\n\t<\/div>\n<\/div><div class=\"wpcf7-response-output\" aria-hidden=\"true\"><\/div>\n<\/form>\n<\/div>\n\t\t\t\t\t\t\t\t<\/div>\n\t\t\t\t\t<\/div>\n\t\t<\/div>\n\t\t\t\t\t<\/div>\n\t\t<\/section>\n\t\t\t\t<section class=\"elementor-section elementor-top-section elementor-element elementor-element-1746be41 elementor-section-stretched elementor-section-full_width elementor-section-height-default elementor-section-height-default\" data-id=\"1746be41\" data-element_type=\"section\" data-settings=\"{&quot;stretch_section&quot;:&quot;section-stretched&quot;}\">\n\t\t\t\t\t\t<div class=\"elementor-container elementor-column-gap-default\">\n\t\t\t\t\t<div class=\"elementor-column elementor-col-100 elementor-top-column elementor-element elementor-element-4bf7036\" data-id=\"4bf7036\" data-element_type=\"column\">\n\t\t\t<div class=\"elementor-widget-wrap elementor-element-populated\">\n\t\t\t\t\t\t<div class=\"elementor-element elementor-element-c8a1f34 elementor-widget elementor-widget-Google_Map\" data-id=\"c8a1f34\" data-element_type=\"widget\" data-widget_type=\"Google_Map.default\">\n\t\t\t\t<div class=\"elementor-widget-container\">\n\t\t\t\t\t\n            <!-- google-map-section -->\n            <section class=\"google-map-section\">\n                <div class=\"google-map-area\">\n                                    <div  id=\"contact-google-map\">\n                        <iframe src=\"https:\/\/www.google.com\/maps\/embed?pb=!1m18!1m12!1m3!1d3762.7797992442374!2d-99.21174882392424!3d19.421917941020187!2m3!1f0!2f0!3f0!3m2!1i1024!2i768!4f13.1!3m3!1m2!1s0x85d201f30baaeb7b%3A0x3ce1e334fd95a062!2sPrado%20Sur%20405%2C%20Lomas%20-%20Virreyes%2C%20Lomas%20de%20Chapultepec%2C%20Miguel%20Hidalgo%2C%2011000%20Ciudad%20de%20M%C3%A9xico%2C%20CDMX!5e0!3m2!1ses-419!2smx!4v1772133518605!5m2!1ses-419!2smx\" width=\"600\" height=\"450\" style=\"border:0;\" allowfullscreen=\"\" loading=\"lazy\" referrerpolicy=\"no-referrer-when-downgrade\"><\/iframe>                    <\/div>\n                                <\/div>\n            <\/section>\n            <!-- google-map-section end -->\n\n\n        \t\t\t\t<\/div>\n\t\t\t\t<\/div>\n\t\t\t\t\t<\/div>\n\t\t<\/div>\n\t\t\t\t\t<\/div>\n\t\t<\/section>\n\t\t\t\t<\/div>\n\t\t","protected":false},"excerpt":{"rendered":"<p>\u00a1Cont\u00e1ctanos AHORA! Para oportunidades de colaboraci\u00f3n institucional o alianzas estrat\u00e9gicas, cont\u00e1ctanos. Encu\u00e9ntranos Prado Sur 405, Lomas &#8211; Virreyes, Lomas de Chapultepec. Miguel Hidalgo 11000, Ciudad de M\u00e9xico Ll\u00e1manos 5518576341<\/p>\n","protected":false},"author":1,"featured_media":1855,"parent":0,"menu_order":0,"comment_status":"closed","ping_status":"closed","template":"","meta":{"footnotes":""},"class_list":["post-517","page","type-page","status-publish","has-post-thumbnail","hentry"],"yoast_head":"<!-- This site is optimized with the Yoast SEO plugin v26.3 - https:\/\/yoast.com\/wordpress\/plugins\/seo\/ -->\n<title>Contacto - ROMA MC<\/title>\n<meta name=\"robots\" content=\"index, follow, max-snippet:-1, max-image-preview:large, max-video-preview:-1\" \/>\n<link rel=\"canonical\" href=\"https:\/\/romamc.mx\/index.php\/contacto\/\" \/>\n<meta property=\"og:locale\" content=\"es_ES\" \/>\n<meta property=\"og:type\" content=\"article\" \/>\n<meta property=\"og:title\" content=\"Contacto - ROMA MC\" \/>\n<meta property=\"og:description\" content=\"\u00a1Cont\u00e1ctanos AHORA! Para oportunidades de colaboraci\u00f3n institucional o alianzas estrat\u00e9gicas, cont\u00e1ctanos. Encu\u00e9ntranos Prado Sur 405, Lomas &#8211; Virreyes, Lomas de Chapultepec. Miguel Hidalgo 11000, Ciudad de M\u00e9xico Ll\u00e1manos 5518576341\" \/>\n<meta property=\"og:url\" content=\"https:\/\/romamc.mx\/index.php\/contacto\/\" \/>\n<meta property=\"og:site_name\" content=\"ROMA MC\" \/>\n<meta property=\"article:modified_time\" content=\"2026-03-12T19:21:52+00:00\" \/>\n<meta property=\"og:image\" content=\"https:\/\/romamc.mx\/wp-content\/uploads\/2026\/03\/Contacto.png\" \/>\n\t<meta property=\"og:image:width\" content=\"1920\" \/>\n\t<meta property=\"og:image:height\" content=\"558\" \/>\n\t<meta property=\"og:image:type\" content=\"image\/png\" \/>\n<meta name=\"twitter:card\" content=\"summary_large_image\" \/>\n<meta name=\"twitter:label1\" content=\"Tiempo de lectura\" \/>\n\t<meta name=\"twitter:data1\" content=\"1 minuto\" \/>\n<script type=\"application\/ld+json\" class=\"yoast-schema-graph\">{\"@context\":\"https:\/\/schema.org\",\"@graph\":[{\"@type\":\"WebPage\",\"@id\":\"https:\/\/romamc.mx\/index.php\/contacto\/\",\"url\":\"https:\/\/romamc.mx\/index.php\/contacto\/\",\"name\":\"Contacto - ROMA MC\",\"isPartOf\":{\"@id\":\"https:\/\/romamc.mx\/#website\"},\"primaryImageOfPage\":{\"@id\":\"https:\/\/romamc.mx\/index.php\/contacto\/#primaryimage\"},\"image\":{\"@id\":\"https:\/\/romamc.mx\/index.php\/contacto\/#primaryimage\"},\"thumbnailUrl\":\"https:\/\/romamc.mx\/wp-content\/uploads\/2026\/03\/Contacto.png\",\"datePublished\":\"2019-07-24T08:17:04+00:00\",\"dateModified\":\"2026-03-12T19:21:52+00:00\",\"breadcrumb\":{\"@id\":\"https:\/\/romamc.mx\/index.php\/contacto\/#breadcrumb\"},\"inLanguage\":\"es\",\"potentialAction\":[{\"@type\":\"ReadAction\",\"target\":[\"https:\/\/romamc.mx\/index.php\/contacto\/\"]}]},{\"@type\":\"ImageObject\",\"inLanguage\":\"es\",\"@id\":\"https:\/\/romamc.mx\/index.php\/contacto\/#primaryimage\",\"url\":\"https:\/\/romamc.mx\/wp-content\/uploads\/2026\/03\/Contacto.png\",\"contentUrl\":\"https:\/\/romamc.mx\/wp-content\/uploads\/2026\/03\/Contacto.png\",\"width\":1920,\"height\":558},{\"@type\":\"BreadcrumbList\",\"@id\":\"https:\/\/romamc.mx\/index.php\/contacto\/#breadcrumb\",\"itemListElement\":[{\"@type\":\"ListItem\",\"position\":1,\"name\":\"Portada\",\"item\":\"https:\/\/romamc.mx\/\"},{\"@type\":\"ListItem\",\"position\":2,\"name\":\"Contacto\"}]},{\"@type\":\"WebSite\",\"@id\":\"https:\/\/romamc.mx\/#website\",\"url\":\"https:\/\/romamc.mx\/\",\"name\":\"ROMA MC\",\"description\":\"\",\"publisher\":{\"@id\":\"https:\/\/romamc.mx\/#organization\"},\"potentialAction\":[{\"@type\":\"SearchAction\",\"target\":{\"@type\":\"EntryPoint\",\"urlTemplate\":\"https:\/\/romamc.mx\/?s={search_term_string}\"},\"query-input\":{\"@type\":\"PropertyValueSpecification\",\"valueRequired\":true,\"valueName\":\"search_term_string\"}}],\"inLanguage\":\"es\"},{\"@type\":\"Organization\",\"@id\":\"https:\/\/romamc.mx\/#organization\",\"name\":\"ROMA MC\",\"url\":\"https:\/\/romamc.mx\/\",\"logo\":{\"@type\":\"ImageObject\",\"inLanguage\":\"es\",\"@id\":\"https:\/\/romamc.mx\/#\/schema\/logo\/image\/\",\"url\":\"https:\/\/romamc.mx\/wp-content\/uploads\/2025\/11\/cropped-logo.png\",\"contentUrl\":\"https:\/\/romamc.mx\/wp-content\/uploads\/2025\/11\/cropped-logo.png\",\"width\":457,\"height\":127,\"caption\":\"ROMA MC\"},\"image\":{\"@id\":\"https:\/\/romamc.mx\/#\/schema\/logo\/image\/\"}}]}<\/script>\n<!-- \/ Yoast SEO plugin. -->","yoast_head_json":{"title":"Contacto - ROMA MC","robots":{"index":"index","follow":"follow","max-snippet":"max-snippet:-1","max-image-preview":"max-image-preview:large","max-video-preview":"max-video-preview:-1"},"canonical":"https:\/\/romamc.mx\/index.php\/contacto\/","og_locale":"es_ES","og_type":"article","og_title":"Contacto - ROMA MC","og_description":"\u00a1Cont\u00e1ctanos AHORA! Para oportunidades de colaboraci\u00f3n institucional o alianzas estrat\u00e9gicas, cont\u00e1ctanos. Encu\u00e9ntranos Prado Sur 405, Lomas &#8211; Virreyes, Lomas de Chapultepec. Miguel Hidalgo 11000, Ciudad de M\u00e9xico Ll\u00e1manos 5518576341","og_url":"https:\/\/romamc.mx\/index.php\/contacto\/","og_site_name":"ROMA MC","article_modified_time":"2026-03-12T19:21:52+00:00","og_image":[{"width":1920,"height":558,"url":"https:\/\/romamc.mx\/wp-content\/uploads\/2026\/03\/Contacto.png","type":"image\/png"}],"twitter_card":"summary_large_image","twitter_misc":{"Tiempo de lectura":"1 minuto"},"schema":{"@context":"https:\/\/schema.org","@graph":[{"@type":"WebPage","@id":"https:\/\/romamc.mx\/index.php\/contacto\/","url":"https:\/\/romamc.mx\/index.php\/contacto\/","name":"Contacto - ROMA MC","isPartOf":{"@id":"https:\/\/romamc.mx\/#website"},"primaryImageOfPage":{"@id":"https:\/\/romamc.mx\/index.php\/contacto\/#primaryimage"},"image":{"@id":"https:\/\/romamc.mx\/index.php\/contacto\/#primaryimage"},"thumbnailUrl":"https:\/\/romamc.mx\/wp-content\/uploads\/2026\/03\/Contacto.png","datePublished":"2019-07-24T08:17:04+00:00","dateModified":"2026-03-12T19:21:52+00:00","breadcrumb":{"@id":"https:\/\/romamc.mx\/index.php\/contacto\/#breadcrumb"},"inLanguage":"es","potentialAction":[{"@type":"ReadAction","target":["https:\/\/romamc.mx\/index.php\/contacto\/"]}]},{"@type":"ImageObject","inLanguage":"es","@id":"https:\/\/romamc.mx\/index.php\/contacto\/#primaryimage","url":"https:\/\/romamc.mx\/wp-content\/uploads\/2026\/03\/Contacto.png","contentUrl":"https:\/\/romamc.mx\/wp-content\/uploads\/2026\/03\/Contacto.png","width":1920,"height":558},{"@type":"BreadcrumbList","@id":"https:\/\/romamc.mx\/index.php\/contacto\/#breadcrumb","itemListElement":[{"@type":"ListItem","position":1,"name":"Portada","item":"https:\/\/romamc.mx\/"},{"@type":"ListItem","position":2,"name":"Contacto"}]},{"@type":"WebSite","@id":"https:\/\/romamc.mx\/#website","url":"https:\/\/romamc.mx\/","name":"ROMA MC","description":"","publisher":{"@id":"https:\/\/romamc.mx\/#organization"},"potentialAction":[{"@type":"SearchAction","target":{"@type":"EntryPoint","urlTemplate":"https:\/\/romamc.mx\/?s={search_term_string}"},"query-input":{"@type":"PropertyValueSpecification","valueRequired":true,"valueName":"search_term_string"}}],"inLanguage":"es"},{"@type":"Organization","@id":"https:\/\/romamc.mx\/#organization","name":"ROMA MC","url":"https:\/\/romamc.mx\/","logo":{"@type":"ImageObject","inLanguage":"es","@id":"https:\/\/romamc.mx\/#\/schema\/logo\/image\/","url":"https:\/\/romamc.mx\/wp-content\/uploads\/2025\/11\/cropped-logo.png","contentUrl":"https:\/\/romamc.mx\/wp-content\/uploads\/2025\/11\/cropped-logo.png","width":457,"height":127,"caption":"ROMA MC"},"image":{"@id":"https:\/\/romamc.mx\/#\/schema\/logo\/image\/"}}]}},"_links":{"self":[{"href":"https:\/\/romamc.mx\/index.php\/wp-json\/wp\/v2\/pages\/517","targetHints":{"allow":["GET"]}}],"collection":[{"href":"https:\/\/romamc.mx\/index.php\/wp-json\/wp\/v2\/pages"}],"about":[{"href":"https:\/\/romamc.mx\/index.php\/wp-json\/wp\/v2\/types\/page"}],"author":[{"embeddable":true,"href":"https:\/\/romamc.mx\/index.php\/wp-json\/wp\/v2\/users\/1"}],"replies":[{"embeddable":true,"href":"https:\/\/romamc.mx\/index.php\/wp-json\/wp\/v2\/comments?post=517"}],"version-history":[{"count":18,"href":"https:\/\/romamc.mx\/index.php\/wp-json\/wp\/v2\/pages\/517\/revisions"}],"predecessor-version":[{"id":1950,"href":"https:\/\/romamc.mx\/index.php\/wp-json\/wp\/v2\/pages\/517\/revisions\/1950"}],"wp:featuredmedia":[{"embeddable":true,"href":"https:\/\/romamc.mx\/index.php\/wp-json\/wp\/v2\/media\/1855"}],"wp:attachment":[{"href":"https:\/\/romamc.mx\/index.php\/wp-json\/wp\/v2\/media?parent=517"}],"curies":[{"name":"wp","href":"https:\/\/api.w.org\/{rel}","templated":true}]}}